{"id":51,"date":"2012-05-06T12:07:10","date_gmt":"2012-05-06T10:07:10","guid":{"rendered":"http:\/\/www.acdpa.net\/2012WP\/?page_id=51"},"modified":"2024-01-03T08:23:18","modified_gmt":"2024-01-03T06:23:18","slug":"association-a-c-d-p-a","status":"publish","type":"page","link":"https:\/\/www.acdpa.net\/2012WP\/?page_id=51","title":{"rendered":"Association A.C.D.P.A."},"content":{"rendered":"<p style=\"text-align: justify;\">C&rsquo;est la rencontre des g\u00e9n\u00e9rations&#8230;<br \/>\nUn autre regard sur la banlieue<br \/>\nUne autre fa\u00e7on d&rsquo;aborder la sc\u00e8ne la musique et la po\u00e9sie, en dehors de tous les ghettos et sans passer par le star-syst\u00e8me.<\/p>\n<p style=\"text-align: justify;\">C&rsquo;est l&rsquo;<strong>A.C.D.P.A. <\/strong>(ou <strong><span style=\"text-decoration: underline;\">A<\/span><\/strong>ssociation <span style=\"text-decoration: underline;\"><strong>C<\/strong><\/span>itoyenne pour le <span style=\"text-decoration: underline;\"><strong>D<\/strong><\/span>\u00e9veloppement de la <span style=\"text-decoration: underline;\"><strong>P<\/strong><\/span>ersonnalit\u00e9 <span style=\"text-decoration: underline;\"><strong>A<\/strong><\/span>rtistique) qui g\u00e8re l&rsquo;action \u00ab\u00a0<strong>Teenager<\/strong>\u00ab\u00a0, ouverte \u00e0 tous les 11-19 ans, quels que soient leurs origines et leur milieu social.<\/p>\n<p>Liens :<\/p>\n<ul>\n<li><a title=\"Association ACDPA : Adresses\" href=\"https:\/\/www.acdpa.net\/2012WP\/?p=6637\">Adresses<\/a><\/li>\n<li><a title=\"Association ACDPA : Administration\" href=\"https:\/\/www.acdpa.net\/2012WP\/?p=4376\">Administration<\/a><\/li>\n<li><a title=\"Association ACDPA : Adh\u00e9sion\" href=\"http:\/\/www.acdpa.net\/associat\/adhesion\/asadhesi.htm\">Adh\u00e9sion<\/a><\/li>\n<\/ul>\n","protected":false},"excerpt":{"rendered":"<p>C&rsquo;est la rencontre des g\u00e9n\u00e9rations&#8230; Un autre regard sur la banlieue Une autre fa\u00e7on d&rsquo;aborder la sc\u00e8ne la musique et la po\u00e9sie, en dehors de tous les ghettos et sans passer par le star-syst\u00e8me. C&rsquo;est l&rsquo;A.C.D.P.A. (ou Association Citoyenne pour &hellip; <a href=\"https:\/\/www.acdpa.net\/2012WP\/?page_id=51\">Continuer la lecture <span class=\"meta-nav\">&rarr;<\/span><\/a><\/p>\n","protected":false},"author":1,"featured_media":0,"parent":0,"menu_order":0,"comment_status":"open","ping_status":"closed","template":"sidebar-page.php","meta":{"footnotes":""},"class_list":["post-51","page","type-page","status-publish","hentry"],"_links":{"self":[{"href":"https:\/\/www.acdpa.net\/2012WP\/index.php?rest_route=\/wp\/v2\/pages\/51","targetHints":{"allow":["GET"]}}],"collection":[{"href":"https:\/\/www.acdpa.net\/2012WP\/index.php?rest_route=\/wp\/v2\/pages"}],"about":[{"href":"https:\/\/www.acdpa.net\/2012WP\/index.php?rest_route=\/wp\/v2\/types\/page"}],"author":[{"embeddable":true,"href":"https:\/\/www.acdpa.net\/2012WP\/index.php?rest_route=\/wp\/v2\/users\/1"}],"replies":[{"embeddable":true,"href":"https:\/\/www.acdpa.net\/2012WP\/index.php?rest_route=%2Fwp%2Fv2%2Fcomments&post=51"}],"version-history":[{"count":8,"href":"https:\/\/www.acdpa.net\/2012WP\/index.php?rest_route=\/wp\/v2\/pages\/51\/revisions"}],"predecessor-version":[{"id":6648,"href":"https:\/\/www.acdpa.net\/2012WP\/index.php?rest_route=\/wp\/v2\/pages\/51\/revisions\/6648"}],"wp:attachment":[{"href":"https:\/\/www.acdpa.net\/2012WP\/index.php?rest_route=%2Fwp%2Fv2%2Fmedia&parent=51"}],"curies":[{"name":"wp","href":"https:\/\/api.w.org\/{rel}","templated":true}]}}