{"id":231,"date":"2012-05-19T15:45:24","date_gmt":"2012-05-19T13:45:24","guid":{"rendered":"http:\/\/www.acdpa.net\/2012WP\/?page_id=231"},"modified":"2022-12-10T09:31:22","modified_gmt":"2022-12-10T07:31:22","slug":"trombinoscope","status":"publish","type":"page","link":"https:\/\/www.acdpa.net\/2012WP\/?page_id=231","title":{"rendered":"TROMBINOSCOPE"},"content":{"rendered":"<p><a href=\"http:\/\/www.acdpa.net\/2012WP\/wp-content\/uploads\/2012\/05\/trombi-anime-m6k.gif\" data-rel=\"lightbox-image-0\" data-rl_title=\"\" data-rl_caption=\"\"><img loading=\"lazy\" decoding=\"async\" class=\"alignright size-full wp-image-826\" title=\"\" src=\"http:\/\/www.acdpa.net\/2012WP\/wp-content\/uploads\/2012\/05\/trombi-anime-m6k.gif\" alt=\"\" width=\"150\" height=\"150\"><\/a>Cela fait tr\u00e8s longtemps que j&rsquo;ai envie de mettre en ligne un <strong>trombinoscope<\/strong> tentant de mettre un visage sur les tr\u00e8s nombreux acteurs de l&rsquo;aventure \u00ab\u00a0<strong>Teenager<\/strong>\u00ab\u00a0. Je vous propose de <strong>cliquer sur l&rsquo;initial du pr\u00e9nom<\/strong> pour en d\u00e9couvrir certains (je commence seulement le recencement : 248, sur plus de 1700 participants \u00e0 l&rsquo;aventure \u00ab\u00a0Teenager\u00a0\u00bb&#8230; cette derni\u00e8re s&rsquo;\u00e9talant sur 36 ann\u00e9es)<\/p>\n<p style=\"text-align: justify;\"><a href=\"http:\/\/www.acdpa.net\/2012WP\/?p=275\"><img loading=\"lazy\" decoding=\"async\" class=\"alignnone wp-image-232\" title=\"Lettre-A\" src=\"http:\/\/www.acdpa.net\/2012WP\/wp-content\/uploads\/2012\/05\/Lettre-A.gif\" alt=\"\" width=\"62\" height=\"62\"><\/a>&nbsp; &nbsp; <a href=\"http:\/\/www.acdpa.net\/2012WP\/?p=295\"><img loading=\"lazy\" decoding=\"async\" class=\"alignnone size-full wp-image-243\" title=\"Lettre-B\" src=\"http:\/\/www.acdpa.net\/2012WP\/wp-content\/uploads\/2012\/05\/Lettre-B.gif\" alt=\"\" width=\"54\" height=\"62\"><\/a>&nbsp; &nbsp; <a href=\"http:\/\/www.acdpa.net\/2012WP\/?p=298\"><img loading=\"lazy\" decoding=\"async\" class=\"alignnone size-full wp-image-244\" title=\"Lettre-C\" src=\"http:\/\/www.acdpa.net\/2012WP\/wp-content\/uploads\/2012\/05\/Lettre-C.gif\" alt=\"\" width=\"58\" height=\"66\"><\/a> &nbsp;&nbsp; <a href=\"http:\/\/www.acdpa.net\/2012WP\/?p=300\"><img loading=\"lazy\" decoding=\"async\" class=\"alignnone size-full wp-image-245\" title=\"Lettre-D\" src=\"http:\/\/www.acdpa.net\/2012WP\/wp-content\/uploads\/2012\/05\/Lettre-D.gif\" alt=\"\" width=\"62\" height=\"62\"><\/a> &nbsp;&nbsp; <a href=\"http:\/\/www.acdpa.net\/2012WP\/?p=337\"><img loading=\"lazy\" decoding=\"async\" class=\"alignnone size-full wp-image-234\" title=\"Lettre-E\" src=\"http:\/\/www.acdpa.net\/2012WP\/wp-content\/uploads\/2012\/05\/Lettre-E.gif\" alt=\"\" width=\"58\" height=\"62\"><\/a><a href=\"http:\/\/www.acdpa.net\/2012WP\/?p=339\">&nbsp;&nbsp;&nbsp; <img loading=\"lazy\" decoding=\"async\" class=\"alignnone wp-image-246\" title=\"Lettre-F\" src=\"http:\/\/www.acdpa.net\/2012WP\/wp-content\/uploads\/2012\/05\/Lettre-F.gif\" alt=\"\" width=\"54\" height=\"62\"><\/a> &nbsp;&nbsp; <a href=\"http:\/\/www.acdpa.net\/2012WP\/?p=341\"><img loading=\"lazy\" decoding=\"async\" class=\"alignnone size-full wp-image-247\" title=\"Lettre-G\" src=\"http:\/\/www.acdpa.net\/2012WP\/wp-content\/uploads\/2012\/05\/Lettre-G.gif\" alt=\"\" width=\"64\" height=\"66\"><\/a> &nbsp;&nbsp; <a href=\"http:\/\/www.acdpa.net\/2012WP\/?p=343\"><img loading=\"lazy\" decoding=\"async\" class=\"alignnone size-full wp-image-248\" title=\"Lettre-H\" src=\"http:\/\/www.acdpa.net\/2012WP\/wp-content\/uploads\/2012\/05\/Lettre-H.gif\" alt=\"\" width=\"66\" height=\"62\"><\/a> &nbsp;&nbsp; <a href=\"http:\/\/www.acdpa.net\/2012WP\/?p=345\"><img loading=\"lazy\" decoding=\"async\" class=\"alignnone size-full wp-image-239\" title=\"Lettre-I\" src=\"http:\/\/www.acdpa.net\/2012WP\/wp-content\/uploads\/2012\/05\/Lettre-I.gif\" alt=\"\" width=\"32\" height=\"62\"><\/a> &nbsp;&nbsp; <a href=\"http:\/\/www.acdpa.net\/2012WP\/?p=347\"><img loading=\"lazy\" decoding=\"async\" class=\"alignnone wp-image-249\" title=\"Lettre-J\" src=\"http:\/\/www.acdpa.net\/2012WP\/wp-content\/uploads\/2012\/05\/Lettre-J.gif\" alt=\"\" width=\"46\" height=\"70\"><\/a> &nbsp;&nbsp; <a href=\"http:\/\/www.acdpa.net\/2012WP\/?p=349\"><img loading=\"lazy\" decoding=\"async\" class=\"alignnone wp-image-250\" title=\"Lettre-K\" src=\"http:\/\/www.acdpa.net\/2012WP\/wp-content\/uploads\/2012\/05\/Lettre-K.gif\" alt=\"\" width=\"66\" height=\"62\"><\/a>&nbsp; &nbsp; <a href=\"http:\/\/www.acdpa.net\/2012WP\/?p=351\"><img loading=\"lazy\" decoding=\"async\" class=\"alignnone size-full wp-image-251\" title=\"Lettre-L\" src=\"http:\/\/www.acdpa.net\/2012WP\/wp-content\/uploads\/2012\/05\/Lettre-L.gif\" alt=\"\" width=\"58\" height=\"62\"><\/a> &nbsp;&nbsp; <a href=\"http:\/\/www.acdpa.net\/2012WP\/?p=353\"><img loading=\"lazy\" decoding=\"async\" class=\"alignnone size-full wp-image-252\" title=\"Lettre-M\" src=\"http:\/\/www.acdpa.net\/2012WP\/wp-content\/uploads\/2012\/05\/Lettre-M.gif\" alt=\"\" width=\"80\" height=\"62\"><\/a> &nbsp;&nbsp; <a href=\"http:\/\/www.acdpa.net\/2012WP\/?p=355\"><img loading=\"lazy\" decoding=\"async\" class=\"alignnone size-full wp-image-253\" title=\"Lettre-N\" src=\"http:\/\/www.acdpa.net\/2012WP\/wp-content\/uploads\/2012\/05\/Lettre-N.gif\" alt=\"\" width=\"62\" height=\"64\"><\/a> &nbsp;&nbsp; <a href=\"http:\/\/www.acdpa.net\/2012WP\/?p=357\"><img loading=\"lazy\" decoding=\"async\" class=\"alignnone size-full wp-image-240\" title=\"Lettre-O\" src=\"http:\/\/www.acdpa.net\/2012WP\/wp-content\/uploads\/2012\/05\/Lettre-O.gif\" alt=\"\" width=\"64\" height=\"66\"><\/a> &nbsp;&nbsp; <a href=\"http:\/\/www.acdpa.net\/2012WP\/?p=359\"><img loading=\"lazy\" decoding=\"async\" class=\"alignnone size-full wp-image-254\" title=\"Lettre-P\" src=\"http:\/\/www.acdpa.net\/2012WP\/wp-content\/uploads\/2012\/05\/Lettre-P.gif\" alt=\"\" width=\"54\" height=\"62\"><\/a> &nbsp;&nbsp; <a href=\"http:\/\/www.acdpa.net\/2012WP\/?p=361\"><img loading=\"lazy\" decoding=\"async\" class=\"alignnone size-full wp-image-255\" title=\"Lettre-Q\" src=\"http:\/\/www.acdpa.net\/2012WP\/wp-content\/uploads\/2012\/05\/Lettre-Q.gif\" alt=\"\" width=\"62\" height=\"62\"><\/a> &nbsp;&nbsp; <a href=\"http:\/\/www.acdpa.net\/2012WP\/?p=363\"><img loading=\"lazy\" decoding=\"async\" class=\"alignnone size-full wp-image-235\" title=\"Lettre-R\" src=\"http:\/\/www.acdpa.net\/2012WP\/wp-content\/uploads\/2012\/05\/Lettre-R.gif\" alt=\"\" width=\"62\" height=\"62\"><\/a> &nbsp;&nbsp; <a href=\"http:\/\/www.acdpa.net\/2012WP\/?p=365\"><img loading=\"lazy\" decoding=\"async\" class=\"alignnone size-full wp-image-256\" title=\"Lettre-S\" src=\"http:\/\/www.acdpa.net\/2012WP\/wp-content\/uploads\/2012\/05\/Lettre-S.gif\" alt=\"\" width=\"44\" height=\"66\"><\/a> &nbsp;&nbsp; <a href=\"http:\/\/www.acdpa.net\/2012WP\/?p=367\"><img loading=\"lazy\" decoding=\"async\" class=\"alignnone size-full wp-image-236\" title=\"Lettre-T\" src=\"http:\/\/www.acdpa.net\/2012WP\/wp-content\/uploads\/2012\/05\/Lettre-T.gif\" alt=\"\" width=\"56\" height=\"62\"><\/a> &nbsp;&nbsp; <a href=\"http:\/\/www.acdpa.net\/2012WP\/?p=369\"><img loading=\"lazy\" decoding=\"async\" class=\"alignnone size-full wp-image-238\" title=\"Lettre-U\" src=\"http:\/\/www.acdpa.net\/2012WP\/wp-content\/uploads\/2012\/05\/Lettre-U.gif\" alt=\"\" width=\"62\" height=\"64\"><\/a> &nbsp;&nbsp; <a href=\"http:\/\/www.acdpa.net\/2012WP\/?p=371\"><img loading=\"lazy\" decoding=\"async\" class=\"alignnone size-full wp-image-257\" title=\"Lettre-V\" src=\"http:\/\/www.acdpa.net\/2012WP\/wp-content\/uploads\/2012\/05\/Lettre-V.gif\" alt=\"\" width=\"62\" height=\"64\"><\/a> &nbsp;&nbsp; <a href=\"http:\/\/www.acdpa.net\/2012WP\/?p=373\"><img loading=\"lazy\" decoding=\"async\" class=\"alignnone size-full wp-image-258\" title=\"Lettre-W\" src=\"http:\/\/www.acdpa.net\/2012WP\/wp-content\/uploads\/2012\/05\/Lettre-W.gif\" alt=\"\" width=\"86\" height=\"64\"><\/a> &nbsp;&nbsp; <a href=\"http:\/\/www.acdpa.net\/2012WP\/?p=375\"><img loading=\"lazy\" decoding=\"async\" class=\"alignnone size-full wp-image-259\" title=\"Lettre-X\" src=\"http:\/\/www.acdpa.net\/2012WP\/wp-content\/uploads\/2012\/05\/Lettre-X.gif\" alt=\"\" width=\"62\" height=\"62\"><\/a> &nbsp;&nbsp; <a href=\"http:\/\/www.acdpa.net\/2012WP\/?p=377\"><img loading=\"lazy\" decoding=\"async\" class=\"alignnone size-full wp-image-237\" title=\"Lettre-Y\" src=\"http:\/\/www.acdpa.net\/2012WP\/wp-content\/uploads\/2012\/05\/Lettre-Y.gif\" alt=\"\" width=\"62\" height=\"62\"><\/a> &nbsp;&nbsp; <a href=\"http:\/\/www.acdpa.net\/2012WP\/?p=379\"><img loading=\"lazy\" decoding=\"async\" class=\"alignnone size-full wp-image-233\" title=\"Lettre-Z\" src=\"http:\/\/www.acdpa.net\/2012WP\/wp-content\/uploads\/2012\/05\/Lettre-Z.gif\" alt=\"\" width=\"56\" height=\"62\"><\/a><\/p>\n<p>Si vous avez fait partie de Teenager et avez des photos de vous \u00e0 l&rsquo; \u00ab\u00a0\u00e9poque\u00a0\u00bb, merci de nous les faire parvenir, via la page <a href=\"https:\/\/www.acdpa.net\/2012WP\/?p=3561\" target=\"_blank\" rel=\"noopener noreferrer\">CONTACT<\/a><br \/>\nNous avons pu commettre des erreurs (Pr\u00e9nom, Date ou Lieu). Nous vous prions, d&rsquo;avance, de nous en excuser, et ferons toutes les corrections n\u00e9cessaires : vous avez \u00e9t\u00e9 plus de 1700 sur 36 ann\u00e9es !!!<\/p>\n","protected":false},"excerpt":{"rendered":"<p>Cela fait tr\u00e8s longtemps que j&rsquo;ai envie de mettre en ligne un trombinoscope tentant de mettre un visage sur les tr\u00e8s nombreux acteurs de l&rsquo;aventure \u00ab\u00a0Teenager\u00ab\u00a0. Je vous propose de cliquer sur l&rsquo;initial du pr\u00e9nom pour en d\u00e9couvrir certains (je &hellip; <a href=\"https:\/\/www.acdpa.net\/2012WP\/?page_id=231\">Continuer la lecture <span class=\"meta-nav\">&rarr;<\/span><\/a><\/p>\n","protected":false},"author":1,"featured_media":0,"parent":0,"menu_order":0,"comment_status":"open","ping_status":"open","template":"","meta":{"footnotes":""},"class_list":["post-231","page","type-page","status-publish","hentry"],"_links":{"self":[{"href":"https:\/\/www.acdpa.net\/2012WP\/index.php?rest_route=\/wp\/v2\/pages\/231","targetHints":{"allow":["GET"]}}],"collection":[{"href":"https:\/\/www.acdpa.net\/2012WP\/index.php?rest_route=\/wp\/v2\/pages"}],"about":[{"href":"https:\/\/www.acdpa.net\/2012WP\/index.php?rest_route=\/wp\/v2\/types\/page"}],"author":[{"embeddable":true,"href":"https:\/\/www.acdpa.net\/2012WP\/index.php?rest_route=\/wp\/v2\/users\/1"}],"replies":[{"embeddable":true,"href":"https:\/\/www.acdpa.net\/2012WP\/index.php?rest_route=%2Fwp%2Fv2%2Fcomments&post=231"}],"version-history":[{"count":45,"href":"https:\/\/www.acdpa.net\/2012WP\/index.php?rest_route=\/wp\/v2\/pages\/231\/revisions"}],"predecessor-version":[{"id":6237,"href":"https:\/\/www.acdpa.net\/2012WP\/index.php?rest_route=\/wp\/v2\/pages\/231\/revisions\/6237"}],"wp:attachment":[{"href":"https:\/\/www.acdpa.net\/2012WP\/index.php?rest_route=%2Fwp%2Fv2%2Fmedia&parent=231"}],"curies":[{"name":"wp","href":"https:\/\/api.w.org\/{rel}","templated":true}]}}