{"id":2,"date":"2012-04-30T07:47:13","date_gmt":"2012-04-30T05:47:13","guid":{"rendered":"http:\/\/www.acdpa.net\/2012WP\/?page_id=2"},"modified":"2024-02-13T17:01:11","modified_gmt":"2024-02-13T15:01:11","slug":"jean-luc-salmon","status":"publish","type":"page","link":"https:\/\/www.acdpa.net\/2012WP\/?page_id=2","title":{"rendered":"Jean-Luc SALMON"},"content":{"rendered":"\n<p class=\"has-drop-cap has-normal-font-size\">Un parcours atypique et heureux&#8230;<br>Il signe son premier album en 1974 chez RCA, et fait 4 autres albums pour cette major.<br>En 1989, il cr\u00e9\u00e9 la com\u00e9die musicale \u00ab\u00a0Teenager\u00a0\u00bb, exp\u00e9rience elle aussi surprenante qui f\u00eate son 36<sup>\u00e8me<\/sup> anniversaire&nbsp;! Deux Olympia, deux mini-tourn\u00e9e aux USA (Boston, le Maine) et beaucoup d&rsquo;autres spectacles.<\/p>\n\n\n<div class=\"wp-block-image\">\n<figure class=\"alignright\"><img loading=\"lazy\" decoding=\"async\" width=\"254\" height=\"254\" src=\"http:\/\/www.acdpa.net\/2012WP\/wp-content\/uploads\/2019\/06\/jean-luc-s1t6-.jpg\" alt=\"\" class=\"wp-image-4187\" srcset=\"https:\/\/www.acdpa.net\/2012WP\/wp-content\/uploads\/2019\/06\/jean-luc-s1t6-.jpg 254w, https:\/\/www.acdpa.net\/2012WP\/wp-content\/uploads\/2019\/06\/jean-luc-s1t6--150x150.jpg 150w\" sizes=\"auto, (max-width: 254px) 100vw, 254px\" \/><figcaption class=\"wp-element-caption\">Jean-Luc Salmon (juin 2019)<\/figcaption><\/figure>\n<\/div>\n\n\n<p class=\"has-normal-font-size\">\u00ab&nbsp;<strong>C\u2019est fou mais qu\u2019est ce que j\u2019aime la vie<\/strong>&nbsp;\u00bb l\u2019un des titres phares du premier album (\u00ab\u00a0au ch\u00e2teau de Ty an Ruskos\u00a0\u00bb) reste le credo du musicien et du po\u00e8te .<br>Aujourd\u2019hui 11 CD disponibles sur ce site.<\/p>\n\n\n\n<p class=\"has-normal-font-size\"><strong><u>Liens&nbsp;:<\/u><\/strong><\/p>\n\n\n\n<ul class=\"wp-block-list\">\n<li><a href=\"http:\/\/www.acdpa.net\/salmon\/parcours\/saparcou.htm\">Le Parcours<\/a><\/li>\n\n\n\n<li><a href=\"http:\/\/www.acdpa.net\/salmon\/discogra\/sadiscog.htm\">La Discographie<\/a><\/li>\n\n\n\n<li><a href=\"http:\/\/www.acdpa.net\/salmon\/livres\/salivres.htm\">Les B.D.<\/a><\/li>\n\n\n\n<li><a href=\"http:\/\/www.acdpa.net\/salmon\/presse\/sapresse.htm\">La Presse<\/a><\/li>\n\n\n\n<li>Les Galeries\u2026\n<ul class=\"wp-block-list\">\n<li><a href=\"http:\/\/www.acdpa.net\/2012WP\/?p=3845\">photo<\/a><\/li>\n\n\n\n<li><a href=\"http:\/\/www.acdpa.net\/2012WP\/?p=4050\">vid\u00e9o<\/a> <\/li>\n<\/ul>\n<\/li>\n\n\n\n<li><a href=\"https:\/\/www.acdpa.net\/2012WP\/?p=6637\" target=\"_blank\" rel=\"noreferrer noopener\">Contact<\/a> <\/li>\n<\/ul>\n","protected":false},"excerpt":{"rendered":"<p>Un parcours atypique et heureux&#8230;Il signe son premier album en 1974 chez RCA, et fait 4 autres albums pour cette major.En 1989, il cr\u00e9\u00e9 la com\u00e9die musicale \u00ab\u00a0Teenager\u00a0\u00bb, exp\u00e9rience elle aussi surprenante qui f\u00eate son \u00e8me anniversaire&nbsp;! Deux Olympia, deux &hellip; <a href=\"https:\/\/www.acdpa.net\/2012WP\/?page_id=2\">Continuer la lecture <span class=\"meta-nav\">&rarr;<\/span><\/a><\/p>\n","protected":false},"author":1,"featured_media":2451,"parent":0,"menu_order":0,"comment_status":"open","ping_status":"closed","template":"","meta":{"footnotes":""},"class_list":["post-2","page","type-page","status-publish","has-post-thumbnail","hentry"],"_links":{"self":[{"href":"https:\/\/www.acdpa.net\/2012WP\/index.php?rest_route=\/wp\/v2\/pages\/2","targetHints":{"allow":["GET"]}}],"collection":[{"href":"https:\/\/www.acdpa.net\/2012WP\/index.php?rest_route=\/wp\/v2\/pages"}],"about":[{"href":"https:\/\/www.acdpa.net\/2012WP\/index.php?rest_route=\/wp\/v2\/types\/page"}],"author":[{"embeddable":true,"href":"https:\/\/www.acdpa.net\/2012WP\/index.php?rest_route=\/wp\/v2\/users\/1"}],"replies":[{"embeddable":true,"href":"https:\/\/www.acdpa.net\/2012WP\/index.php?rest_route=%2Fwp%2Fv2%2Fcomments&post=2"}],"version-history":[{"count":34,"href":"https:\/\/www.acdpa.net\/2012WP\/index.php?rest_route=\/wp\/v2\/pages\/2\/revisions"}],"predecessor-version":[{"id":6778,"href":"https:\/\/www.acdpa.net\/2012WP\/index.php?rest_route=\/wp\/v2\/pages\/2\/revisions\/6778"}],"wp:featuredmedia":[{"embeddable":true,"href":"https:\/\/www.acdpa.net\/2012WP\/index.php?rest_route=\/wp\/v2\/media\/2451"}],"wp:attachment":[{"href":"https:\/\/www.acdpa.net\/2012WP\/index.php?rest_route=%2Fwp%2Fv2%2Fmedia&parent=2"}],"curies":[{"name":"wp","href":"https:\/\/api.w.org\/{rel}","templated":true}]}}